{"id":104999,"date":"2024-11-01T12:44:44","date_gmt":"2024-11-01T12:44:44","guid":{"rendered":"https:\/\/lundteknik.dk\/?post_type=product&#038;p=104999"},"modified":"2026-04-06T15:43:17","modified_gmt":"2026-04-06T15:43:17","slug":"goldings-alpha-4-6-blade-100-gram","status":"publish","type":"product","link":"https:\/\/lundteknik.dk\/en\/produkt\/goldings-alpha-4-6-blade-100-gram\/","title":{"rendered":"Goldings &#8211; Alpha: 4 \u2013 6, Blade, 100 gram"},"content":{"rendered":"<p>Goldings humlen er kendt for sin karakteristiske lette smag af citrus og grapefrugt. Den tilf\u00f8jer en behagelig bitterhed og en let krydret aroma til \u00f8llet. Med sit lave alfa syreindhold p\u00e5 4-6% er Goldings velegnet til at tilf\u00f8je en let floral smag til en bred vifte af \u00f8ltyper. Goldings unikke smagsnuancer g\u00f8r den ogs\u00e5 velegnet til at skabe sp\u00e6ndende variationer af IPA&#8217;er og pale ales.<\/p>","protected":false},"excerpt":{"rendered":"<p>Goldings is a slightly more citrus flavoured hop than, for example, East Kent Goldings<\/p>","protected":false},"featured_media":39014,"comment_status":"open","ping_status":"closed","template":"","meta":{"_acf_changed":false},"pwb-brand":[424],"product_brand":[841],"product_cat":[312,229,445,226],"product_tag":[617],"class_list":{"0":"post-104999","1":"product","2":"type-product","3":"status-publish","4":"has-post-thumbnail","6":"pwb-brand-lund-teknik","7":"product_brand-lund-teknik","8":"product_cat-bladhumle-humle-uk-humle","9":"product_cat-humle","10":"product_cat-nye-produkter","11":"product_cat-humle-uk","12":"product_tag-blade","14":"first","15":"instock","16":"taxable","17":"shipping-taxable","18":"purchasable","19":"product-type-simple"},"acf":[],"brands":[{"id":424,"name":"Lund Technology","slug":"lund-technology"}],"_links":{"self":[{"href":"https:\/\/lundteknik.dk\/en\/wp-json\/wp\/v2\/product\/104999","targetHints":{"allow":["GET"]}}],"collection":[{"href":"https:\/\/lundteknik.dk\/en\/wp-json\/wp\/v2\/product"}],"about":[{"href":"https:\/\/lundteknik.dk\/en\/wp-json\/wp\/v2\/types\/product"}],"replies":[{"embeddable":true,"href":"https:\/\/lundteknik.dk\/en\/wp-json\/wp\/v2\/comments?post=104999"}],"wp:featuredmedia":[{"embeddable":true,"href":"https:\/\/lundteknik.dk\/en\/wp-json\/wp\/v2\/media\/39014"}],"wp:attachment":[{"href":"https:\/\/lundteknik.dk\/en\/wp-json\/wp\/v2\/media?parent=104999"}],"wp:term":[{"taxonomy":"pwb-brand","embeddable":true,"href":"https:\/\/lundteknik.dk\/en\/wp-json\/wp\/v2\/pwb-brand?post=104999"},{"taxonomy":"product_brand","embeddable":true,"href":"https:\/\/lundteknik.dk\/en\/wp-json\/wp\/v2\/product_brand?post=104999"},{"taxonomy":"product_cat","embeddable":true,"href":"https:\/\/lundteknik.dk\/en\/wp-json\/wp\/v2\/product_cat?post=104999"},{"taxonomy":"product_tag","embeddable":true,"href":"https:\/\/lundteknik.dk\/en\/wp-json\/wp\/v2\/product_tag?post=104999"}],"curies":[{"name":"wp","href":"https:\/\/api.w.org\/{rel}","templated":true}]}}