{"id":109754,"date":"2025-03-31T12:26:44","date_gmt":"2025-03-31T12:26:44","guid":{"rendered":"https:\/\/lundteknik.dk\/?post_type=product&#038;p=109754"},"modified":"2025-11-20T10:28:41","modified_gmt":"2025-11-20T10:28:41","slug":"maalepipette-10-ml-med-hoejoploesnings-skala-plast","status":"publish","type":"product","link":"https:\/\/lundteknik.dk\/en\/produkt\/maalepipette-10-ml-med-hoejoploesnings-skala-plast\/","title":{"rendered":"Measuring pipette, 10 ml with high-resolution scale, plastic"},"content":{"rendered":"<h1>Measuring pipette, 10 ml<\/h1>\n<p>with high-resolution scale, plastic, non-sterile<\/p>\n<p>Buy 4 and get 5 pieces!<\/p>","protected":false},"excerpt":{"rendered":"<p>M\u00e5lepipette, 10 ml med h\u00f8jopl\u00f8snings skala, plast, ikke steril<\/p>\n<p>Buy 4 and get 5 pieces!<\/p>","protected":false},"featured_media":109752,"comment_status":"open","ping_status":"closed","template":"","meta":{"_acf_changed":false},"pwb-brand":[424],"product_brand":[841],"product_cat":[269,445,267,211],"product_tag":[],"class_list":{"0":"post-109754","1":"product","2":"type-product","3":"status-publish","4":"has-post-thumbnail","6":"pwb-brand-lund-teknik","7":"product_brand-lund-teknik","8":"product_cat-for-haandbryggere","9":"product_cat-nye-produkter","10":"product_cat-vandbehandling","11":"product_cat-vaegtfylde-volumen","13":"first","14":"instock","15":"taxable","16":"shipping-taxable","17":"purchasable","18":"product-type-simple"},"acf":[],"brands":[{"id":424,"name":"Lund Technology","slug":"lund-technology"}],"_links":{"self":[{"href":"https:\/\/lundteknik.dk\/en\/wp-json\/wp\/v2\/product\/109754","targetHints":{"allow":["GET"]}}],"collection":[{"href":"https:\/\/lundteknik.dk\/en\/wp-json\/wp\/v2\/product"}],"about":[{"href":"https:\/\/lundteknik.dk\/en\/wp-json\/wp\/v2\/types\/product"}],"replies":[{"embeddable":true,"href":"https:\/\/lundteknik.dk\/en\/wp-json\/wp\/v2\/comments?post=109754"}],"wp:featuredmedia":[{"embeddable":true,"href":"https:\/\/lundteknik.dk\/en\/wp-json\/wp\/v2\/media\/109752"}],"wp:attachment":[{"href":"https:\/\/lundteknik.dk\/en\/wp-json\/wp\/v2\/media?parent=109754"}],"wp:term":[{"taxonomy":"pwb-brand","embeddable":true,"href":"https:\/\/lundteknik.dk\/en\/wp-json\/wp\/v2\/pwb-brand?post=109754"},{"taxonomy":"product_brand","embeddable":true,"href":"https:\/\/lundteknik.dk\/en\/wp-json\/wp\/v2\/product_brand?post=109754"},{"taxonomy":"product_cat","embeddable":true,"href":"https:\/\/lundteknik.dk\/en\/wp-json\/wp\/v2\/product_cat?post=109754"},{"taxonomy":"product_tag","embeddable":true,"href":"https:\/\/lundteknik.dk\/en\/wp-json\/wp\/v2\/product_tag?post=109754"}],"curies":[{"name":"wp","href":"https:\/\/api.w.org\/{rel}","templated":true}]}}