{"id":39125,"date":"2008-10-27T07:25:34","date_gmt":"2008-10-27T07:25:34","guid":{"rendered":"https:\/\/lundteknik.dk\/?product=3-co2-flaske-425-gram-ombytning"},"modified":"2025-05-27T09:04:57","modified_gmt":"2025-05-27T09:04:57","slug":"3-co2-flaske-425-gram-ombytning","status":"publish","type":"product","link":"https:\/\/lundteknik.dk\/en\/produkt\/3-co2-flaske-425-gram-ombytning\/","title":{"rendered":"Exchange of 425 gram CO2 bottle, 3 pieces"},"content":{"rendered":"","protected":false},"excerpt":{"rendered":"<p>&nbsp;<\/p>\n<p>Du kan f\u00e5 uoriginale flasker retur, men mindre ud beder om at f\u00e5 dine egne flasker igen. Skriv det evt. i bem\u00e6rkninger.<\/p>\n<p>If you wish, you can <a href=\"https:\/\/return.shipmondo.com\/lund-teknik\">Order shipping for your empty bottles here.<\/a><\/p>","protected":false},"featured_media":61121,"comment_status":"open","ping_status":"closed","template":"","meta":{"_acf_changed":false},"pwb-brand":[424],"product_brand":[841],"product_cat":[207,371],"product_tag":[],"class_list":{"0":"post-39125","1":"product","2":"type-product","3":"status-publish","4":"has-post-thumbnail","6":"pwb-brand-lund-teknik","7":"product_brand-lund-teknik","8":"product_cat-co2","9":"product_cat-co2-genopfyldning-ombytning-af-co2-flasker","11":"first","12":"instock","13":"taxable","14":"shipping-taxable","15":"purchasable","16":"product-type-simple"},"acf":[],"brands":[{"id":424,"name":"Lund Technology","slug":"lund-technology"}],"_links":{"self":[{"href":"https:\/\/lundteknik.dk\/en\/wp-json\/wp\/v2\/product\/39125","targetHints":{"allow":["GET"]}}],"collection":[{"href":"https:\/\/lundteknik.dk\/en\/wp-json\/wp\/v2\/product"}],"about":[{"href":"https:\/\/lundteknik.dk\/en\/wp-json\/wp\/v2\/types\/product"}],"replies":[{"embeddable":true,"href":"https:\/\/lundteknik.dk\/en\/wp-json\/wp\/v2\/comments?post=39125"}],"wp:featuredmedia":[{"embeddable":true,"href":"https:\/\/lundteknik.dk\/en\/wp-json\/wp\/v2\/media\/61121"}],"wp:attachment":[{"href":"https:\/\/lundteknik.dk\/en\/wp-json\/wp\/v2\/media?parent=39125"}],"wp:term":[{"taxonomy":"pwb-brand","embeddable":true,"href":"https:\/\/lundteknik.dk\/en\/wp-json\/wp\/v2\/pwb-brand?post=39125"},{"taxonomy":"product_brand","embeddable":true,"href":"https:\/\/lundteknik.dk\/en\/wp-json\/wp\/v2\/product_brand?post=39125"},{"taxonomy":"product_cat","embeddable":true,"href":"https:\/\/lundteknik.dk\/en\/wp-json\/wp\/v2\/product_cat?post=39125"},{"taxonomy":"product_tag","embeddable":true,"href":"https:\/\/lundteknik.dk\/en\/wp-json\/wp\/v2\/product_tag?post=39125"}],"curies":[{"name":"wp","href":"https:\/\/api.w.org\/{rel}","templated":true}]}}