{"id":39170,"date":"2009-12-29T12:21:59","date_gmt":"2009-12-29T12:21:59","guid":{"rendered":"https:\/\/lundteknik.dk\/?product=pioneer-alpha-6-12-100-gram"},"modified":"2026-02-13T12:26:07","modified_gmt":"2026-02-13T12:26:07","slug":"pioneer-alpha-6-12-100-gram","status":"publish","type":"product","link":"https:\/\/lundteknik.dk\/en\/produkt\/pioneer-alpha-6-12-100-gram\/","title":{"rendered":"Pioneer - Alpha: 6 - 12, Blade, 100 grams"},"content":{"rendered":"<p>Pioneer humlen er kendt for sin karakteristiske smag af blomster, citrus og krydderier, hvilket g\u00f8r den ideel til at tilf\u00f8je en subtil, men kompleks smag til dine hjemmebryggede \u00f8l. Med sit moderate alfasyreindhold p\u00e5 6-12 er Pioneer velegnet til at tilf\u00f8je en behagelig bitterhed til pale ales, IPA&#8217;er og belgiske \u00f8l. Denne alsidige humle kan ogs\u00e5 bruges til at tilf\u00f8je aroma og smag til lyst \u00f8l, hvilket g\u00f8r den til et popul\u00e6rt valg blandt h\u00e5ndbryggere, der \u00f8nsker at eksperimentere med forskellige \u00f8lstilarter.<\/p>","protected":false},"excerpt":{"rendered":"<p>Pioneer hops add a slightly spicy and floral flavour to the beer. It is suitable for brewing pale ales, lagers and Belgian beers.<\/p>","protected":false},"featured_media":39014,"comment_status":"open","ping_status":"closed","template":"","meta":{"_acf_changed":false},"pwb-brand":[424],"product_brand":[841],"product_cat":[312,229,226],"product_tag":[617],"class_list":{"0":"post-39170","1":"product","2":"type-product","3":"status-publish","4":"has-post-thumbnail","6":"pwb-brand-lund-teknik","7":"product_brand-lund-teknik","8":"product_cat-bladhumle-humle-uk-humle","9":"product_cat-humle","10":"product_cat-humle-uk","11":"product_tag-blade","13":"first","14":"instock","15":"taxable","16":"shipping-taxable","17":"purchasable","18":"product-type-simple"},"acf":[],"brands":[{"id":424,"name":"Lund Technology","slug":"lund-technology"}],"_links":{"self":[{"href":"https:\/\/lundteknik.dk\/en\/wp-json\/wp\/v2\/product\/39170","targetHints":{"allow":["GET"]}}],"collection":[{"href":"https:\/\/lundteknik.dk\/en\/wp-json\/wp\/v2\/product"}],"about":[{"href":"https:\/\/lundteknik.dk\/en\/wp-json\/wp\/v2\/types\/product"}],"replies":[{"embeddable":true,"href":"https:\/\/lundteknik.dk\/en\/wp-json\/wp\/v2\/comments?post=39170"}],"wp:featuredmedia":[{"embeddable":true,"href":"https:\/\/lundteknik.dk\/en\/wp-json\/wp\/v2\/media\/39014"}],"wp:attachment":[{"href":"https:\/\/lundteknik.dk\/en\/wp-json\/wp\/v2\/media?parent=39170"}],"wp:term":[{"taxonomy":"pwb-brand","embeddable":true,"href":"https:\/\/lundteknik.dk\/en\/wp-json\/wp\/v2\/pwb-brand?post=39170"},{"taxonomy":"product_brand","embeddable":true,"href":"https:\/\/lundteknik.dk\/en\/wp-json\/wp\/v2\/product_brand?post=39170"},{"taxonomy":"product_cat","embeddable":true,"href":"https:\/\/lundteknik.dk\/en\/wp-json\/wp\/v2\/product_cat?post=39170"},{"taxonomy":"product_tag","embeddable":true,"href":"https:\/\/lundteknik.dk\/en\/wp-json\/wp\/v2\/product_tag?post=39170"}],"curies":[{"name":"wp","href":"https:\/\/api.w.org\/{rel}","templated":true}]}}