{"id":39280,"date":"2011-10-14T09:32:12","date_gmt":"2011-10-14T09:32:12","guid":{"rendered":"https:\/\/lundteknik.dk\/?product=pilsner-malt-fuglsang-ebc-30-42"},"modified":"2025-08-19T13:04:02","modified_gmt":"2025-08-19T13:04:02","slug":"pilsner-malt-fuglsang-ebc-30-42","status":"publish","type":"product","link":"https:\/\/lundteknik.dk\/en\/produkt\/pilsner-malt-fuglsang-ebc-30-42\/","title":{"rendered":"Pilsner Malt, Fuglsang, EBC: 3.0 - 4.2"},"content":{"rendered":"<p>Pilsner Malt fra Fuglsang er en lys malt med en EBC p\u00e5 3,0 \u2013 4,2. Den er lavet af h\u00f8jkvalitets byg og er perfekt til at skabe en lys og frisk smag i \u00f8l. Maltet er blevet t\u00f8rret ved lave temperaturer for at bevare de naturlige enzymer og smagsstoffer i kornet.<\/p>\n<p>Pilsner Malt fra Fuglsang er velegnet til at brygge en bred vifte af \u00f8ltyper, herunder pilsnere, lagers og lyse ale. Den giver en lys farve og en mild smag, der er perfekt til at fremh\u00e6ve humlen og andre smagsstoffer i \u00f8llet. Maltet kan ogs\u00e5 bruges som en base for at skabe mere komplekse \u00f8ltyper ved at tilf\u00f8je andre malte og ingredienser. <\/p>\n<p>Alt i alt er Pilsner Malt fra Fuglsang en alsidig og p\u00e5lidelig ingrediens til enhver \u00f8lbrygger, der \u00f8nsker at skabe en lys og frisk smag i deres \u00f8l.<\/p>","protected":false},"excerpt":{"rendered":"<p>Fuglsang Pilsner Malt is a light malt with an EBC of 3.0-4.2. It's perfect for creating a light and fresh flavour in your beers.<\/p>","protected":false},"featured_media":59727,"comment_status":"open","ping_status":"closed","template":"","meta":{"_acf_changed":false},"pwb-brand":[829],"product_brand":[851],"product_cat":[216,308,234],"product_tag":[273],"class_list":{"0":"post-39280","1":"product","2":"type-product","3":"status-publish","4":"has-post-thumbnail","6":"pwb-brand-fuglsang-malt","7":"product_brand-fuglsang-malt","8":"product_cat-malt-byg-basis","9":"product_cat-loes-vaegt","10":"product_cat-malt","11":"product_tag-afvejning","13":"first","14":"instock","15":"sale","16":"taxable","17":"shipping-taxable","18":"purchasable","19":"product-type-simple"},"acf":[],"brands":[{"id":829,"name":"Fuglsang malt","slug":"fuglsang-malt"}],"_links":{"self":[{"href":"https:\/\/lundteknik.dk\/en\/wp-json\/wp\/v2\/product\/39280","targetHints":{"allow":["GET"]}}],"collection":[{"href":"https:\/\/lundteknik.dk\/en\/wp-json\/wp\/v2\/product"}],"about":[{"href":"https:\/\/lundteknik.dk\/en\/wp-json\/wp\/v2\/types\/product"}],"replies":[{"embeddable":true,"href":"https:\/\/lundteknik.dk\/en\/wp-json\/wp\/v2\/comments?post=39280"}],"wp:featuredmedia":[{"embeddable":true,"href":"https:\/\/lundteknik.dk\/en\/wp-json\/wp\/v2\/media\/59727"}],"wp:attachment":[{"href":"https:\/\/lundteknik.dk\/en\/wp-json\/wp\/v2\/media?parent=39280"}],"wp:term":[{"taxonomy":"pwb-brand","embeddable":true,"href":"https:\/\/lundteknik.dk\/en\/wp-json\/wp\/v2\/pwb-brand?post=39280"},{"taxonomy":"product_brand","embeddable":true,"href":"https:\/\/lundteknik.dk\/en\/wp-json\/wp\/v2\/product_brand?post=39280"},{"taxonomy":"product_cat","embeddable":true,"href":"https:\/\/lundteknik.dk\/en\/wp-json\/wp\/v2\/product_cat?post=39280"},{"taxonomy":"product_tag","embeddable":true,"href":"https:\/\/lundteknik.dk\/en\/wp-json\/wp\/v2\/product_tag?post=39280"}],"curies":[{"name":"wp","href":"https:\/\/api.w.org\/{rel}","templated":true}]}}