{"id":39448,"date":"2011-10-14T09:32:12","date_gmt":"2011-10-14T09:32:12","guid":{"rendered":"https:\/\/lundteknik.dk\/?product=wheat-diastatic-malt-weyermann-ebc-3-6"},"modified":"2026-01-21T10:05:52","modified_gmt":"2026-01-21T10:05:52","slug":"wheat-diastatic-malt-weyermann-ebc-3-6","status":"publish","type":"product","link":"https:\/\/lundteknik.dk\/en\/produkt\/wheat-diastatic-malt-weyermann-ebc-3-6\/","title":{"rendered":"Wheat Diastatic Malt, Weyermann, EBC: 3 &#8211; 6"},"content":{"rendered":"<p>Wheat Diastatic Malt fra Weyermann har en EBC p\u00e5 3-6 og er en type malt, der er lavet af hvede. Denne malt er kendt for sin evne til at \u00f8ge enzymaktiviteten i bryggeprocessen, hvilket hj\u00e6lper med at nedbryde stivelse og frigive sukkerarter, der er n\u00f8dvendige for g\u00e6ringen. <\/p>\n<p>Denne malt er velegnet til brug i en r\u00e6kke forskellige \u00f8ltyper, herunder hvede\u00f8l, belgiske \u00f8l, saison og andre lysere \u00f8ltyper. Den kan ogs\u00e5 bruges i mindre m\u00e6ngder i m\u00f8rkere \u00f8ltyper for at give en let s\u00f8dme og forbedre skumstabiliteten. <\/p>\n<p>Wheat Diastatic Malt fra Weyermann er en alsidig malt, der kan bruges til at forbedre smag og konsistens i en bred vifte af \u00f8ltyper.<\/p>","protected":false},"excerpt":{"rendered":"<p>Wheat Diastatic Malt from Weyermann has an EBC of 3-6 and is perfect for enhancing fermentation and adding a slight sweetness to beers brewed with wheat.<\/p>","protected":false},"featured_media":59740,"comment_status":"open","ping_status":"closed","template":"","meta":{"_acf_changed":false},"pwb-brand":[425],"product_brand":[849],"product_cat":[219,308],"product_tag":[273],"class_list":{"0":"post-39448","1":"product","2":"type-product","3":"status-publish","4":"has-post-thumbnail","6":"pwb-brand-weyermann","7":"product_brand-weyermann","8":"product_cat-malt-byg-special","9":"product_cat-loes-vaegt","10":"product_tag-afvejning","12":"first","13":"instock","14":"taxable","15":"shipping-taxable","16":"purchasable","17":"product-type-simple"},"acf":[],"brands":[{"id":425,"name":"Weyermann","slug":"weyermann"}],"_links":{"self":[{"href":"https:\/\/lundteknik.dk\/en\/wp-json\/wp\/v2\/product\/39448","targetHints":{"allow":["GET"]}}],"collection":[{"href":"https:\/\/lundteknik.dk\/en\/wp-json\/wp\/v2\/product"}],"about":[{"href":"https:\/\/lundteknik.dk\/en\/wp-json\/wp\/v2\/types\/product"}],"replies":[{"embeddable":true,"href":"https:\/\/lundteknik.dk\/en\/wp-json\/wp\/v2\/comments?post=39448"}],"wp:featuredmedia":[{"embeddable":true,"href":"https:\/\/lundteknik.dk\/en\/wp-json\/wp\/v2\/media\/59740"}],"wp:attachment":[{"href":"https:\/\/lundteknik.dk\/en\/wp-json\/wp\/v2\/media?parent=39448"}],"wp:term":[{"taxonomy":"pwb-brand","embeddable":true,"href":"https:\/\/lundteknik.dk\/en\/wp-json\/wp\/v2\/pwb-brand?post=39448"},{"taxonomy":"product_brand","embeddable":true,"href":"https:\/\/lundteknik.dk\/en\/wp-json\/wp\/v2\/product_brand?post=39448"},{"taxonomy":"product_cat","embeddable":true,"href":"https:\/\/lundteknik.dk\/en\/wp-json\/wp\/v2\/product_cat?post=39448"},{"taxonomy":"product_tag","embeddable":true,"href":"https:\/\/lundteknik.dk\/en\/wp-json\/wp\/v2\/product_tag?post=39448"}],"curies":[{"name":"wp","href":"https:\/\/api.w.org\/{rel}","templated":true}]}}