{"id":39737,"date":"2012-03-30T15:42:17","date_gmt":"2012-03-30T15:42:17","guid":{"rendered":"https:\/\/lundteknik.dk\/?product=summit-alpha-14-17-100-gram"},"modified":"2026-02-13T12:26:08","modified_gmt":"2026-02-13T12:26:08","slug":"summit-alpha-14-17-100-gram","status":"publish","type":"product","link":"https:\/\/lundteknik.dk\/en\/produkt\/summit-alpha-14-17-100-gram\/","title":{"rendered":"Summit - Alpha: 14 - 17, Blade, 100 grams"},"content":{"rendered":"<p>Summit humlen er kendt for sin kraftige og komplekse smag, der kombinerer frugtagtige og krydrede noter. Den har en markant citrusaroma med undertoner af grapefrugt, appelsin og tangerine, samt en let krydret karakter. Denne unikke smagsprofil g\u00f8r Summit velegnet til at tilf\u00f8je en dybde af smag til en bred vifte af \u00f8ltyper. Den fungerer s\u00e6rligt godt i IPA&#8217;er, hvor dens intense smag og bitterhed kan skabe en balanceret og kompleks smagsoplevelse. Derudover kan den ogs\u00e5 bruges til at tilf\u00f8je en frugtagtig og krydret dimension til andre \u00f8ltyper som pale ales og belgiske ales. Summit humlen er et ideelt valg for h\u00e5ndbryggere, der \u00f8nsker at eksperimentere med intense smagsoplevelser i deres \u00f8l.<\/p>","protected":false},"excerpt":{"rendered":"<p>Summit-humlen har en kraftig og krydret smag med noter af citrus og harpiks. Den egner sig godt til at tilf\u00f8je bitterhed og aroma til IPA&#8217;er, pale ales og stouts.<\/p>","protected":false},"featured_media":39014,"comment_status":"open","ping_status":"closed","template":"","meta":{"_acf_changed":false},"pwb-brand":[424],"product_brand":[841],"product_cat":[313,229,227],"product_tag":[617],"class_list":{"0":"post-39737","1":"product","2":"type-product","3":"status-publish","4":"has-post-thumbnail","6":"pwb-brand-lund-teknik","7":"product_brand-lund-teknik","8":"product_cat-bladhumle-humle-us","9":"product_cat-humle","10":"product_cat-humle-us","11":"product_tag-blade","13":"first","14":"instock","15":"taxable","16":"shipping-taxable","17":"purchasable","18":"product-type-simple"},"acf":[],"brands":[{"id":424,"name":"Lund Technology","slug":"lund-technology"}],"_links":{"self":[{"href":"https:\/\/lundteknik.dk\/en\/wp-json\/wp\/v2\/product\/39737","targetHints":{"allow":["GET"]}}],"collection":[{"href":"https:\/\/lundteknik.dk\/en\/wp-json\/wp\/v2\/product"}],"about":[{"href":"https:\/\/lundteknik.dk\/en\/wp-json\/wp\/v2\/types\/product"}],"replies":[{"embeddable":true,"href":"https:\/\/lundteknik.dk\/en\/wp-json\/wp\/v2\/comments?post=39737"}],"wp:featuredmedia":[{"embeddable":true,"href":"https:\/\/lundteknik.dk\/en\/wp-json\/wp\/v2\/media\/39014"}],"wp:attachment":[{"href":"https:\/\/lundteknik.dk\/en\/wp-json\/wp\/v2\/media?parent=39737"}],"wp:term":[{"taxonomy":"pwb-brand","embeddable":true,"href":"https:\/\/lundteknik.dk\/en\/wp-json\/wp\/v2\/pwb-brand?post=39737"},{"taxonomy":"product_brand","embeddable":true,"href":"https:\/\/lundteknik.dk\/en\/wp-json\/wp\/v2\/product_brand?post=39737"},{"taxonomy":"product_cat","embeddable":true,"href":"https:\/\/lundteknik.dk\/en\/wp-json\/wp\/v2\/product_cat?post=39737"},{"taxonomy":"product_tag","embeddable":true,"href":"https:\/\/lundteknik.dk\/en\/wp-json\/wp\/v2\/product_tag?post=39737"}],"curies":[{"name":"wp","href":"https:\/\/api.w.org\/{rel}","templated":true}]}}