{"id":40311,"date":"2018-02-22T20:13:54","date_gmt":"2018-02-22T20:13:54","guid":{"rendered":"https:\/\/lundteknik.dk\/?product=golden-promise-ale-malt-fawcett-ebc-70-79"},"modified":"2026-01-20T09:39:04","modified_gmt":"2026-01-20T09:39:04","slug":"golden-promise-ale-malt-fawcett-ebc-70-79","status":"publish","type":"product","link":"https:\/\/lundteknik.dk\/en\/produkt\/golden-promise-ale-malt-fawcett-ebc-70-79\/","title":{"rendered":"Golden Promise Ale Malt, Fawcett. EBC: 7.0 - 7.9"},"content":{"rendered":"<p>Golden Promise Ale Malt fra Fawcett er en malt med en EBC p\u00e5 7,0-7,9. Denne malt er lavet af den fineste to-radede skotske vinterbyg og er perfekt til at skabe en lys og gylden ale med en rig og fyldig smag. Denne malt har en h\u00f8j enzymaktivitet, hvilket g\u00f8r den ideel til at konvertere stivelse til sukker under m\u00e6skning. <\/p>\n<p>Golden Promise Ale Malt kan bruges til en bred vifte af \u00f8ltyper, herunder Scottish Ales, American Ales, English Ales og Pale Ales. Denne malt giver en s\u00f8d og kornagtig smag, der er perfekt til at balancere humlen i en IPA eller til at give en ekstra dimension til en klassisk engelsk bitter. Den kan ogs\u00e5 bruges i mindre m\u00e6ngder i en belgisk saison eller en tysk pilsner for at tilf\u00f8je en let kornagtig smag og en gylden farve. Uanset hvilken \u00f8ltype du v\u00e6lger at bruge den i, vil Golden Promise Ale Malt fra Fawcett give din \u00f8l en unik og karakteristisk smag og farve.<\/p>","protected":false},"excerpt":{"rendered":"<p>Golden Promise Ale Malt from Fawcett is a pale malt with an EBC of 7.0-7.9. It adds a sweet and slightly caramel flavour to beer and is suitable for both English and American beer styles.<\/p>","protected":false},"featured_media":59779,"comment_status":"closed","ping_status":"closed","template":"","meta":{"_acf_changed":false},"pwb-brand":[834],"product_brand":[850],"product_cat":[216,308,234],"product_tag":[273],"class_list":{"0":"post-40311","1":"product","2":"type-product","3":"status-publish","4":"has-post-thumbnail","6":"pwb-brand-fawcett-malt","7":"product_brand-fawcett-malt","8":"product_cat-malt-byg-basis","9":"product_cat-loes-vaegt","10":"product_cat-malt","11":"product_tag-afvejning","13":"first","14":"instock","15":"taxable","16":"shipping-taxable","17":"purchasable","18":"product-type-simple"},"acf":[],"brands":[{"id":834,"name":"Fawcett Malt","slug":"fawcett-malt"}],"_links":{"self":[{"href":"https:\/\/lundteknik.dk\/en\/wp-json\/wp\/v2\/product\/40311","targetHints":{"allow":["GET"]}}],"collection":[{"href":"https:\/\/lundteknik.dk\/en\/wp-json\/wp\/v2\/product"}],"about":[{"href":"https:\/\/lundteknik.dk\/en\/wp-json\/wp\/v2\/types\/product"}],"replies":[{"embeddable":true,"href":"https:\/\/lundteknik.dk\/en\/wp-json\/wp\/v2\/comments?post=40311"}],"wp:featuredmedia":[{"embeddable":true,"href":"https:\/\/lundteknik.dk\/en\/wp-json\/wp\/v2\/media\/59779"}],"wp:attachment":[{"href":"https:\/\/lundteknik.dk\/en\/wp-json\/wp\/v2\/media?parent=40311"}],"wp:term":[{"taxonomy":"pwb-brand","embeddable":true,"href":"https:\/\/lundteknik.dk\/en\/wp-json\/wp\/v2\/pwb-brand?post=40311"},{"taxonomy":"product_brand","embeddable":true,"href":"https:\/\/lundteknik.dk\/en\/wp-json\/wp\/v2\/product_brand?post=40311"},{"taxonomy":"product_cat","embeddable":true,"href":"https:\/\/lundteknik.dk\/en\/wp-json\/wp\/v2\/product_cat?post=40311"},{"taxonomy":"product_tag","embeddable":true,"href":"https:\/\/lundteknik.dk\/en\/wp-json\/wp\/v2\/product_tag?post=40311"}],"curies":[{"name":"wp","href":"https:\/\/api.w.org\/{rel}","templated":true}]}}