{"id":40364,"date":"2018-10-15T13:42:23","date_gmt":"2018-10-15T13:42:23","guid":{"rendered":"https:\/\/lundteknik.dk\/?product=nelson-sauvin-alpha-10-13-100-gram-pellets"},"modified":"2026-04-14T07:52:03","modified_gmt":"2026-04-14T07:52:03","slug":"nelson-sauvin-alpha-10-13-100-gram-pellets","status":"publish","type":"product","link":"https:\/\/lundteknik.dk\/en\/produkt\/nelson-sauvin-alpha-10-13-100-gram-pellets\/","title":{"rendered":"Nelson Sauvin - Alpha: 10 - 13, 100 grams, PELLETS"},"content":{"rendered":"<p>Nelson Sauvin humlen er kendt for sin unikke smag, der ofte beskrives som frugtagtig med noter af hvidvin og tropiske frugter. Den har en markant aroma af sauvignon blanc druer, passionsfrugt og fersken, hvilket g\u00f8r den ideel til at tilf\u00f8je kompleksitet og dybde til \u00f8l. Denne humle er s\u00e6rligt velegnet til at skabe frugtagtige og komplekse \u00f8ltyper s\u00e5som pale ales, IPA&#8217;er og belgiske ales. Med sit karakteristiske smagsprofil tilf\u00f8jer Nelson Sauvin en sp\u00e6ndende dimension til h\u00e5ndbryggede \u00f8l, der vil tilfredsstille selv de mest kr\u00e6sne \u00f8lentusiaster.<\/p>","protected":false},"excerpt":{"rendered":"<p>Nelson Sauvin humle tilf\u00f8jer en unik smag af sauvignon blanc druer og tropiske frugter til dine \u00f8l. Perfekt til pale ales, IPA&#8217;er og belgiske \u00f8l.<\/p>","protected":false},"featured_media":39697,"comment_status":"closed","ping_status":"closed","template":"","meta":{"_acf_changed":false},"pwb-brand":[424],"product_brand":[841],"product_cat":[229,239,316],"product_tag":[618],"class_list":{"0":"post-40364","1":"product","2":"type-product","3":"status-publish","4":"has-post-thumbnail","6":"pwb-brand-lund-teknik","7":"product_brand-lund-teknik","8":"product_cat-humle","9":"product_cat-humle-new-zealandaustralien","10":"product_cat-humlepellets-humle-new-zealandaustralien","11":"product_tag-pellets","13":"first","14":"instock","15":"taxable","16":"shipping-taxable","17":"purchasable","18":"product-type-simple"},"acf":[],"brands":[{"id":424,"name":"Lund Technology","slug":"lund-technology"}],"_links":{"self":[{"href":"https:\/\/lundteknik.dk\/en\/wp-json\/wp\/v2\/product\/40364","targetHints":{"allow":["GET"]}}],"collection":[{"href":"https:\/\/lundteknik.dk\/en\/wp-json\/wp\/v2\/product"}],"about":[{"href":"https:\/\/lundteknik.dk\/en\/wp-json\/wp\/v2\/types\/product"}],"replies":[{"embeddable":true,"href":"https:\/\/lundteknik.dk\/en\/wp-json\/wp\/v2\/comments?post=40364"}],"wp:featuredmedia":[{"embeddable":true,"href":"https:\/\/lundteknik.dk\/en\/wp-json\/wp\/v2\/media\/39697"}],"wp:attachment":[{"href":"https:\/\/lundteknik.dk\/en\/wp-json\/wp\/v2\/media?parent=40364"}],"wp:term":[{"taxonomy":"pwb-brand","embeddable":true,"href":"https:\/\/lundteknik.dk\/en\/wp-json\/wp\/v2\/pwb-brand?post=40364"},{"taxonomy":"product_brand","embeddable":true,"href":"https:\/\/lundteknik.dk\/en\/wp-json\/wp\/v2\/product_brand?post=40364"},{"taxonomy":"product_cat","embeddable":true,"href":"https:\/\/lundteknik.dk\/en\/wp-json\/wp\/v2\/product_cat?post=40364"},{"taxonomy":"product_tag","embeddable":true,"href":"https:\/\/lundteknik.dk\/en\/wp-json\/wp\/v2\/product_tag?post=40364"}],"curies":[{"name":"wp","href":"https:\/\/api.w.org\/{rel}","templated":true}]}}