{"id":40424,"date":"2018-12-19T09:42:04","date_gmt":"2018-12-19T09:42:04","guid":{"rendered":"https:\/\/lundteknik.dk\/?product=comet-alpha-10-14-pellets-100-gram"},"modified":"2026-02-13T12:26:10","modified_gmt":"2026-02-13T12:26:10","slug":"comet-alpha-10-14-pellets-100-gram","status":"publish","type":"product","link":"https:\/\/lundteknik.dk\/en\/produkt\/comet-alpha-10-14-pellets-100-gram\/","title":{"rendered":"Comet &#8211; Alpha: 10 &#8211; 14, PELLETS, 100 gram"},"content":{"rendered":"<p>Comet humlen er kendt for sin karakteristiske smag af citrus, grapefrugt og urter, hvilket giver en frisk og frugtagtig smag til \u00f8llet. Med sit alfa syreindhold p\u00e5 10-14% er Comet velegnet til at tilf\u00f8je en behagelig bitterhed og aroma til en bred vifte af \u00f8ltyper. Den fungerer s\u00e6rligt godt i pale ales, IPA&#8217;er og andre amerikanske \u00f8lstilarter, hvor dens frugtagtige noter kan tr\u00e6de tydeligt frem og bidrage til en kompleks smagsprofil. Comet humlen er et ideelt valg for h\u00e5ndbryggere, der \u00f8nsker at tilf\u00f8je en frisk og citruspr\u00e6get smag til deres hjemmebryggede \u00f8l.<\/p>","protected":false},"excerpt":{"rendered":"<p>Comet-humlen tilf\u00f8jer en kraftig citrus- og grapefrugtsmag til \u00f8llet. Den er perfekt til at skabe frugtagtige og aromatiske IPA&#8217;er og pale ales.<\/p>","protected":false},"featured_media":39697,"comment_status":"open","ping_status":"closed","template":"","meta":{"_acf_changed":false},"pwb-brand":[424],"product_brand":[841],"product_cat":[229,314,227],"product_tag":[618],"class_list":{"0":"post-40424","1":"product","2":"type-product","3":"status-publish","4":"has-post-thumbnail","6":"pwb-brand-lund-teknik","7":"product_brand-lund-teknik","8":"product_cat-humle","9":"product_cat-humlepellets","10":"product_cat-humle-us","11":"product_tag-pellets","13":"first","14":"instock","15":"taxable","16":"shipping-taxable","17":"purchasable","18":"product-type-simple"},"acf":[],"brands":[{"id":424,"name":"Lund Technology","slug":"lund-technology"}],"_links":{"self":[{"href":"https:\/\/lundteknik.dk\/en\/wp-json\/wp\/v2\/product\/40424","targetHints":{"allow":["GET"]}}],"collection":[{"href":"https:\/\/lundteknik.dk\/en\/wp-json\/wp\/v2\/product"}],"about":[{"href":"https:\/\/lundteknik.dk\/en\/wp-json\/wp\/v2\/types\/product"}],"replies":[{"embeddable":true,"href":"https:\/\/lundteknik.dk\/en\/wp-json\/wp\/v2\/comments?post=40424"}],"wp:featuredmedia":[{"embeddable":true,"href":"https:\/\/lundteknik.dk\/en\/wp-json\/wp\/v2\/media\/39697"}],"wp:attachment":[{"href":"https:\/\/lundteknik.dk\/en\/wp-json\/wp\/v2\/media?parent=40424"}],"wp:term":[{"taxonomy":"pwb-brand","embeddable":true,"href":"https:\/\/lundteknik.dk\/en\/wp-json\/wp\/v2\/pwb-brand?post=40424"},{"taxonomy":"product_brand","embeddable":true,"href":"https:\/\/lundteknik.dk\/en\/wp-json\/wp\/v2\/product_brand?post=40424"},{"taxonomy":"product_cat","embeddable":true,"href":"https:\/\/lundteknik.dk\/en\/wp-json\/wp\/v2\/product_cat?post=40424"},{"taxonomy":"product_tag","embeddable":true,"href":"https:\/\/lundteknik.dk\/en\/wp-json\/wp\/v2\/product_tag?post=40424"}],"curies":[{"name":"wp","href":"https:\/\/api.w.org\/{rel}","templated":true}]}}