{"id":60642,"date":"2021-01-13T09:18:33","date_gmt":"2021-01-13T09:18:33","guid":{"rendered":"https:\/\/lundteknik.dk\/product\/co2-flaske-2-6-kg-tryktest\/"},"modified":"2025-05-27T09:04:56","modified_gmt":"2025-05-27T09:04:56","slug":"co2-flaske-2-6-kg-tryktest","status":"publish","type":"product","link":"https:\/\/lundteknik.dk\/en\/produkt\/co2-flaske-2-6-kg-tryktest\/","title":{"rendered":"Bottle pressure test, 2 - 6kg,"},"content":{"rendered":"","protected":false},"excerpt":{"rendered":"<p>Det kan tage lang tid for tryktest af CO2 flaske, da vi pr\u00f8ver at fylde en palle.<\/p>\n<p>Derfor udleverer vi en fyldt l\u00e5neflaske i samme st\u00f8rrelse (2, 4 eller 6 kg) og n\u00e5r din flaske er tryktestet, f\u00e5r du en email om at den er klar. Du kan s\u00e5 afhente den tryktestede flaske n\u00e5r du har t\u00f8mt l\u00e5neflasken.<\/p>\n<p>N\u00e5r du afhenter den tryktestede flaske, afleverer du den tomme l\u00e5neflaske og bliver faktureret for genopfyldning af begge flasker.<\/p>\n<p>&nbsp;<\/p>\n<p>&nbsp;<\/p>","protected":false},"featured_media":0,"comment_status":"open","ping_status":"closed","template":"","meta":{"_acf_changed":false},"pwb-brand":[424],"product_brand":[841],"product_cat":[207,371],"product_tag":[],"class_list":{"0":"post-60642","1":"product","2":"type-product","3":"status-publish","5":"pwb-brand-lund-teknik","6":"product_brand-lund-teknik","7":"product_cat-co2","8":"product_cat-co2-genopfyldning-ombytning-af-co2-flasker","10":"first","11":"instock","12":"taxable","13":"shipping-taxable","14":"purchasable","15":"product-type-simple"},"acf":[],"brands":[{"id":424,"name":"Lund Technology","slug":"lund-technology"}],"_links":{"self":[{"href":"https:\/\/lundteknik.dk\/en\/wp-json\/wp\/v2\/product\/60642","targetHints":{"allow":["GET"]}}],"collection":[{"href":"https:\/\/lundteknik.dk\/en\/wp-json\/wp\/v2\/product"}],"about":[{"href":"https:\/\/lundteknik.dk\/en\/wp-json\/wp\/v2\/types\/product"}],"replies":[{"embeddable":true,"href":"https:\/\/lundteknik.dk\/en\/wp-json\/wp\/v2\/comments?post=60642"}],"wp:attachment":[{"href":"https:\/\/lundteknik.dk\/en\/wp-json\/wp\/v2\/media?parent=60642"}],"wp:term":[{"taxonomy":"pwb-brand","embeddable":true,"href":"https:\/\/lundteknik.dk\/en\/wp-json\/wp\/v2\/pwb-brand?post=60642"},{"taxonomy":"product_brand","embeddable":true,"href":"https:\/\/lundteknik.dk\/en\/wp-json\/wp\/v2\/product_brand?post=60642"},{"taxonomy":"product_cat","embeddable":true,"href":"https:\/\/lundteknik.dk\/en\/wp-json\/wp\/v2\/product_cat?post=60642"},{"taxonomy":"product_tag","embeddable":true,"href":"https:\/\/lundteknik.dk\/en\/wp-json\/wp\/v2\/product_tag?post=60642"}],"curies":[{"name":"wp","href":"https:\/\/api.w.org\/{rel}","templated":true}]}}