{"id":64028,"date":"2021-03-18T09:59:04","date_gmt":"2021-03-18T09:59:04","guid":{"rendered":"https:\/\/lundteknik.dk\/?post_type=product&#038;p=64028"},"modified":"2025-05-27T09:08:17","modified_gmt":"2025-05-27T09:08:17","slug":"proff-armeret-slange-dan-trico","status":"publish","type":"product","link":"https:\/\/lundteknik.dk\/en\/produkt\/proff-armeret-slange-dan-trico\/","title":{"rendered":"Proff. armoured hose, DAN-TRICO"},"content":{"rendered":"","protected":false},"excerpt":{"rendered":"<p>&nbsp;<\/p>\n<p><span style=\"font-size: 120%\">DAN-TRICO\u00ae \/Avantgarde STS<\/span><\/p>\n<p>Kraftig entrepren\u00f8rslange med trico-armering, som sikrer en h\u00f8j tr\u00e6kstyrke og t\u00e5ler h\u00f8jt tryk. Passer til alle quick-koblingssystemer. Formbestandig med ekstra h\u00f8j slidstyrke, smidig og langtidselastisk. 30 bars spr\u00e6ngtryk. Fremstillet af polyvinyl med polyesterarmering. Phthalatfri. Recyclebar.<\/p>\n<p>Standard farve: Sort\/gul opak.<br \/>\nGaranti:15 \u00e5r.<br \/>\nKuldeflexibel :-25\u00b0C.<br \/>\nStabilisator :Cadmium-, barium- og blyfri\/non food.<\/p>","protected":false},"featured_media":64030,"comment_status":"open","ping_status":"closed","template":"","meta":{"_acf_changed":false},"pwb-brand":[424],"product_brand":[841],"product_cat":[380],"product_tag":[],"class_list":{"0":"post-64028","1":"product","2":"type-product","3":"status-publish","4":"has-post-thumbnail","6":"pwb-brand-lund-teknik","7":"product_brand-lund-teknik","8":"product_cat-slanger-gardena","10":"first","11":"instock","12":"taxable","13":"shipping-taxable","14":"purchasable","15":"product-type-simple"},"acf":[],"brands":[{"id":424,"name":"Lund Technology","slug":"lund-technology"}],"_links":{"self":[{"href":"https:\/\/lundteknik.dk\/en\/wp-json\/wp\/v2\/product\/64028","targetHints":{"allow":["GET"]}}],"collection":[{"href":"https:\/\/lundteknik.dk\/en\/wp-json\/wp\/v2\/product"}],"about":[{"href":"https:\/\/lundteknik.dk\/en\/wp-json\/wp\/v2\/types\/product"}],"replies":[{"embeddable":true,"href":"https:\/\/lundteknik.dk\/en\/wp-json\/wp\/v2\/comments?post=64028"}],"wp:featuredmedia":[{"embeddable":true,"href":"https:\/\/lundteknik.dk\/en\/wp-json\/wp\/v2\/media\/64030"}],"wp:attachment":[{"href":"https:\/\/lundteknik.dk\/en\/wp-json\/wp\/v2\/media?parent=64028"}],"wp:term":[{"taxonomy":"pwb-brand","embeddable":true,"href":"https:\/\/lundteknik.dk\/en\/wp-json\/wp\/v2\/pwb-brand?post=64028"},{"taxonomy":"product_brand","embeddable":true,"href":"https:\/\/lundteknik.dk\/en\/wp-json\/wp\/v2\/product_brand?post=64028"},{"taxonomy":"product_cat","embeddable":true,"href":"https:\/\/lundteknik.dk\/en\/wp-json\/wp\/v2\/product_cat?post=64028"},{"taxonomy":"product_tag","embeddable":true,"href":"https:\/\/lundteknik.dk\/en\/wp-json\/wp\/v2\/product_tag?post=64028"}],"curies":[{"name":"wp","href":"https:\/\/api.w.org\/{rel}","templated":true}]}}