{"id":82778,"date":"2022-11-10T08:23:02","date_gmt":"2022-11-10T08:23:02","guid":{"rendered":"https:\/\/lundteknik.dk\/?post_type=product&#038;p=82778"},"modified":"2025-12-03T06:26:53","modified_gmt":"2025-12-03T06:26:53","slug":"magnetomroerer-m-stroemforsyning-1-5-liter","status":"publish","type":"product","link":"https:\/\/lundteknik.dk\/en\/produkt\/magnetomroerer-m-stroemforsyning-1-5-liter\/","title":{"rendered":"Magnetic stirrer with power supply 0.5 -2 litres"},"content":{"rendered":"<p>&nbsp;<\/p>\n<p>Magnetomr\u00f8rer til kolber mellem 0,5 og 2 liter, str\u00f8mforsyning med variabel hastighed.<\/p>\n<p>Omr\u00f8remagnet og str\u00f8mforsyning medf\u00f8lger.<\/p>","protected":false},"excerpt":{"rendered":"<p>&nbsp;<\/p>\n<p>Magnetomr\u00f8rer m\/ str\u00f8mforsyning 1 -2 liter<\/p>\n<p>Variabel hastighed<\/p>","protected":false},"featured_media":82774,"comment_status":"open","ping_status":"closed","template":"","meta":{"_acf_changed":false},"pwb-brand":[424],"product_brand":[841],"product_cat":[265],"product_tag":[],"class_list":{"0":"post-82778","1":"product","2":"type-product","3":"status-publish","4":"has-post-thumbnail","6":"pwb-brand-lund-teknik","7":"product_brand-lund-teknik","8":"product_cat-gaerbehandling-og-lab-udstyr","10":"first","11":"instock","12":"taxable","13":"shipping-taxable","14":"purchasable","15":"product-type-simple"},"acf":[],"brands":[{"id":424,"name":"Lund Technology","slug":"lund-technology"}],"_links":{"self":[{"href":"https:\/\/lundteknik.dk\/en\/wp-json\/wp\/v2\/product\/82778","targetHints":{"allow":["GET"]}}],"collection":[{"href":"https:\/\/lundteknik.dk\/en\/wp-json\/wp\/v2\/product"}],"about":[{"href":"https:\/\/lundteknik.dk\/en\/wp-json\/wp\/v2\/types\/product"}],"replies":[{"embeddable":true,"href":"https:\/\/lundteknik.dk\/en\/wp-json\/wp\/v2\/comments?post=82778"}],"wp:featuredmedia":[{"embeddable":true,"href":"https:\/\/lundteknik.dk\/en\/wp-json\/wp\/v2\/media\/82774"}],"wp:attachment":[{"href":"https:\/\/lundteknik.dk\/en\/wp-json\/wp\/v2\/media?parent=82778"}],"wp:term":[{"taxonomy":"pwb-brand","embeddable":true,"href":"https:\/\/lundteknik.dk\/en\/wp-json\/wp\/v2\/pwb-brand?post=82778"},{"taxonomy":"product_brand","embeddable":true,"href":"https:\/\/lundteknik.dk\/en\/wp-json\/wp\/v2\/product_brand?post=82778"},{"taxonomy":"product_cat","embeddable":true,"href":"https:\/\/lundteknik.dk\/en\/wp-json\/wp\/v2\/product_cat?post=82778"},{"taxonomy":"product_tag","embeddable":true,"href":"https:\/\/lundteknik.dk\/en\/wp-json\/wp\/v2\/product_tag?post=82778"}],"curies":[{"name":"wp","href":"https:\/\/api.w.org\/{rel}","templated":true}]}}