{"id":84122,"date":"2023-01-09T14:54:40","date_gmt":"2023-01-09T14:54:40","guid":{"rendered":"https:\/\/lundteknik.dk\/?post_type=product&#038;p=84122"},"modified":"2025-09-03T06:35:34","modified_gmt":"2025-09-03T06:35:34","slug":"happy-yeast-abbey-35-gram","status":"publish","type":"product","link":"https:\/\/lundteknik.dk\/en\/produkt\/happy-yeast-abbey-35-gram\/","title":{"rendered":"Happy Yeast, Abbey, 35 grams"},"content":{"rendered":"<h2>Happy Yeast Abbey<\/h2>\n<div>Abbey er en overg\u00e6rstamme specielt udvalgt til g\u00e6ring af et bred spektrum af ales i belgisk stil, s\u00e5som Abbey-stile (dvs. Enkel, Dubbel, Tripel &amp; Quadrupel), Belgian Pale-, Dark Strong Ale, Belgisk Blonde- og Pale Ale.<br \/>\nDenne stamme giver en kompleks, men meget ren og delikat frugtagtig og phenolisk smagskarakter med reminiscenser af t\u00f8rrede frugter s\u00e5som figner, rosiner, blommer og dadler i harmoni med malten og alkoholindholdet i det designede \u00f8l.<\/div>\n<p>&nbsp;<\/p>\n<div>Yeast strain: Saccharomyces cerevisiae<\/div>\n<p>&nbsp;<\/p>\n<div>Brewing parameters:<br \/>\n\u00d8lstile: Belgian Abbey Ales (dvs. Enkel, Dubbel, Tripel &amp; Quadrupel), Belgian Pale Ale, Belgian Dark Strong Ale,<br \/>\nBelgian Blonde Ale og Belgian Pale Ale. Meget alsidig.<br \/>\nG\u00e6ringstemperaturomr\u00e5de: 16-24\u00b0C<br \/>\nFlokkulerings- og sedimentationsevne: medium<br \/>\nEstimeret v\u00e6rkningsgrad: 75-85 %*<\/div>\n<div>Alcohol tolerance: 14% ABV<\/div>\n<p>*At normal density of 1,050, 100% barley malt<\/p>\n<p>&nbsp;<\/p>\n<div>DOSAGE RECOMMENDATION*<\/div>\n<div>50-80 g\/hl cold herb at 18-24\u00b0C<\/div>\n<p>&nbsp;<\/p>\n<div>Rehydration:<\/div>\n<div>Dissolve the yeast in boiled chilled water at 18-24\u00b0C at a ratio of 1:10 and let it rest for 20 minutes. Subsequently<\/div>\n<div>Mix well to achieve complete suspension of the yeast. Pour the yeast directly into the yeast tank.<\/div>","protected":false},"excerpt":{"rendered":"<p>&nbsp;<\/p>\n<div><\/div>\n<div>Active top yeast for the fermentation of Belgian ale.<\/div>\n<p>.<\/p>","protected":false},"featured_media":84068,"comment_status":"open","ping_status":"closed","template":"","meta":{"_acf_changed":false},"pwb-brand":[424],"product_brand":[841],"product_cat":[478],"product_tag":[],"class_list":{"0":"post-84122","1":"product","2":"type-product","3":"status-publish","4":"has-post-thumbnail","6":"pwb-brand-lund-teknik","7":"product_brand-lund-teknik","8":"product_cat-happyyeast","10":"first","11":"instock","12":"taxable","13":"shipping-taxable","14":"purchasable","15":"product-type-simple"},"acf":[],"brands":[{"id":424,"name":"Lund Technology","slug":"lund-technology"}],"_links":{"self":[{"href":"https:\/\/lundteknik.dk\/en\/wp-json\/wp\/v2\/product\/84122","targetHints":{"allow":["GET"]}}],"collection":[{"href":"https:\/\/lundteknik.dk\/en\/wp-json\/wp\/v2\/product"}],"about":[{"href":"https:\/\/lundteknik.dk\/en\/wp-json\/wp\/v2\/types\/product"}],"replies":[{"embeddable":true,"href":"https:\/\/lundteknik.dk\/en\/wp-json\/wp\/v2\/comments?post=84122"}],"wp:featuredmedia":[{"embeddable":true,"href":"https:\/\/lundteknik.dk\/en\/wp-json\/wp\/v2\/media\/84068"}],"wp:attachment":[{"href":"https:\/\/lundteknik.dk\/en\/wp-json\/wp\/v2\/media?parent=84122"}],"wp:term":[{"taxonomy":"pwb-brand","embeddable":true,"href":"https:\/\/lundteknik.dk\/en\/wp-json\/wp\/v2\/pwb-brand?post=84122"},{"taxonomy":"product_brand","embeddable":true,"href":"https:\/\/lundteknik.dk\/en\/wp-json\/wp\/v2\/product_brand?post=84122"},{"taxonomy":"product_cat","embeddable":true,"href":"https:\/\/lundteknik.dk\/en\/wp-json\/wp\/v2\/product_cat?post=84122"},{"taxonomy":"product_tag","embeddable":true,"href":"https:\/\/lundteknik.dk\/en\/wp-json\/wp\/v2\/product_tag?post=84122"}],"curies":[{"name":"wp","href":"https:\/\/api.w.org\/{rel}","templated":true}]}}