{"id":89989,"date":"2023-08-14T08:08:44","date_gmt":"2023-08-14T08:08:44","guid":{"rendered":"https:\/\/lundteknik.dk\/?post_type=product&#038;p=89989"},"modified":"2025-11-11T09:22:56","modified_gmt":"2025-11-11T09:22:56","slug":"nimbus-buck-eight-days-a-week","status":"publish","type":"product","link":"https:\/\/lundteknik.dk\/en\/produkt\/nimbus-bock-eight-days-a-week\/","title":{"rendered":"Nimbus Bock, Eight Days A Week"},"content":{"rendered":"<h2 data-pm-slice=\"1 3 []\">Nimbus Bock, Eight Days A Week<\/h2>\n<p>A rich and dark bock with notes of dark caramel, lightly roasted malt and a smooth, sweet finish. The bock is brewed with respect for German tradition - and a twist from Nimbus.<\/p>\n<p><strong>Features:<\/strong><\/p>\n<ul data-spread=\"false\">\n<li>Beer style: Dunkler Bock<\/li>\n<li>Difficulty level: Advanced<\/li>\n<li>Brewing volume: approx. 25 litres<\/li>\n<li>Flavour profile: Caramel, dark malt, soft sweetness<\/li>\n<\/ul>\n<p><strong>Specifications:<\/strong><\/p>\n<ul data-spread=\"false\">\n<li>Alcohol strength: approx. 7.5 %<\/li>\n<li>IBU: 31<\/li>\n<li>Colour: Dark amber to brown<\/li>\n<li>Fermentation time: 12-14 days<\/li>\n<li>Maturation: 4-6 weeks<\/li>\n<\/ul>","protected":false},"excerpt":{"rendered":"<h2 style=\"margin-bottom: 0cm;\" align=\"center\"><span style=\"font-family: Arial, sans-serif; font-size: 150%;\"><b>Nimbus Bock<\/b><\/span><\/h2>\n<h3 style=\"margin-bottom: 0cm;\" align=\"center\"><span style=\"font-family: Arial, sans-serif; font-size: 150%;\"><i>&#8216;Eight Days A Week&#8217;<\/i><\/span><\/h3>\n<p style=\"margin-bottom: 0cm;\" align=\"center\"><span style=\"font-family: Arial, sans-serif;\"><span style=\"font-size: large;\">Fyldig underg\u00e6ret tysk \u00f8ltype med ren og spr\u00f8d smag.<\/span><\/span><\/p>\n<p style=\"margin-bottom: 0cm; text-align: center;\"><span style=\"font-family: Arial, sans-serif;\"><span style=\"font-size: large;\">God \u00f8l til dem, der normalt ikke er s\u00e5 glade for \u00f8l.<\/span><\/span><\/p>\n<dl>\n<dd>\n<table cellspacing=\"0\" cellpadding=\"4\">\n<colgroup>\n<col width=\"111\" \/>\n<col width=\"107\" \/>\n<col width=\"56\" \/>\n<col width=\"82\" \/>\n<col width=\"98\" \/> <\/colgroup>\n<tbody>\n<tr valign=\"top\">\n<td style=\"border-top: 1px solid #000000; border-bottom: 1px solid #000000; border-left: 1px solid #000000; border-right: none; padding: 0.1cm 0cm 0.1cm 0.1cm;\" width=\"111\">\n<p style=\"text-align: center;\"><span style=\"font-family: Arial, sans-serif;\">Startv\u00e6gtfylde [OG]<\/span><\/p>\n<\/td>\n<td style=\"border-top: 1px solid #000000; border-bottom: 1px solid #000000; border-left: 1px solid #000000; border-right: none; padding: 0.1cm 0cm 0.1cm 0.1cm;\" width=\"107\">\n<p align=\"center\"><span style=\"font-family: Arial, sans-serif;\">Slutv\u00e6gtfylde<\/span><\/p>\n<p align=\"center\"><span style=\"font-family: Arial, sans-serif;\">[FG]<\/span><\/p>\n<\/td>\n<td style=\"border-top: 1px solid #000000; border-bottom: 1px solid #000000; border-left: 1px solid #000000; border-right: none; padding: 0.1cm 0cm 0.1cm 0.1cm;\" width=\"56\">\n<p align=\"center\"><span style=\"font-family: Arial, sans-serif;\">Farve<\/span><\/p>\n<p align=\"center\"><span style=\"font-family: Arial, sans-serif;\">[EBC]<\/span><\/p>\n<\/td>\n<td style=\"border-top: 1px solid #000000; border-bottom: 1px solid #000000; border-left: 1px solid #000000; border-right: none; padding: 0.1cm 0cm 0.1cm 0.1cm;\" width=\"82\">\n<p align=\"center\"><span style=\"font-family: Arial, sans-serif;\">Bitterhed<\/span><\/p>\n<p align=\"center\"><span style=\"font-family: Arial, sans-serif;\">[IBU]<\/span><\/p>\n<\/td>\n<td style=\"border: 1px solid #000000; padding: 0.1cm;\" width=\"98\">\n<p align=\"center\"><span style=\"font-family: Arial, sans-serif;\">Alkohol<\/span><\/p>\n<p align=\"center\"><span style=\"font-family: Arial, sans-serif;\">ABV [%]<\/span><\/p>\n<\/td>\n<\/tr>\n<tr valign=\"top\">\n<td style=\"border-top: none; border-bottom: 1px solid #000000; border-left: 1px solid #000000; border-right: none; padding: 0cm 0cm 0.1cm 0.1cm;\" width=\"111\">\n<p align=\"center\"><span style=\"font-family: Arial, sans-serif;\">1071<\/span><\/p>\n<\/td>\n<td style=\"border-top: none; border-bottom: 1px solid #000000; border-left: 1px solid #000000; border-right: none; padding: 0cm 0cm 0.1cm 0.1cm;\" width=\"107\">\n<p align=\"center\"><span style=\"font-family: Arial, sans-serif;\">1014<\/span><\/p>\n<\/td>\n<td style=\"border-top: none; border-bottom: 1px solid #000000; border-left: 1px solid #000000; border-right: none; padding: 0cm 0cm 0.1cm 0.1cm;\" width=\"56\">\n<p align=\"center\"><span style=\"font-family: Arial, sans-serif;\">29<\/span><\/p>\n<\/td>\n<td style=\"border-top: none; border-bottom: 1px solid #000000; border-left: 1px solid #000000; border-right: none; padding: 0cm 0cm 0.1cm 0.1cm;\" width=\"82\">\n<p align=\"center\"><span style=\"font-family: Arial, sans-serif;\">31<\/span><\/p>\n<\/td>\n<td style=\"border-top: none; border-bottom: 1px solid #000000; border-left: 1px solid #000000; border-right: 1px solid #000000; padding: 0cm 0.1cm 0.1cm 0.1cm;\" width=\"98\">\n<p align=\"center\"><span style=\"font-family: Arial, sans-serif;\">7,5<\/span><\/p>\n<\/td>\n<\/tr>\n<\/tbody>\n<\/table>\n<\/dd>\n<\/dl>\n<p style=\"margin-bottom: 0cm; font-variant: normal; letter-spacing: normal; font-style: normal; font-weight: normal;\" align=\"left\"><span style=\"color: #000000;\"><span style=\"font-family: Arial, sans-serif;\"><span style=\"font-size: large;\"> Link til <\/span><\/span><\/span><span style=\"font-family: Arial, sans-serif;\"><span style=\"font-size: large;\"><a href=\"https:\/\/lundteknik.dk\/wp-content\/uploads\/2025\/11\/EightDaysAWeek.pdf\"><span style=\"color: #ff0000;\">vejledning <\/span><\/a><\/span><\/span><\/p>\n<p align=\"left\">\n","protected":false},"featured_media":93424,"comment_status":"open","ping_status":"closed","template":"","meta":{"_acf_changed":false},"pwb-brand":[424],"product_brand":[841],"product_cat":[190],"product_tag":[],"class_list":{"0":"post-89989","1":"product","2":"type-product","3":"status-publish","4":"has-post-thumbnail","6":"pwb-brand-lund-teknik","7":"product_brand-lund-teknik","8":"product_cat-all-grain-kits","10":"first","11":"instock","12":"taxable","13":"shipping-taxable","14":"purchasable","15":"product-type-simple"},"acf":[],"brands":[{"id":424,"name":"Lund Technology","slug":"lund-technology"}],"_links":{"self":[{"href":"https:\/\/lundteknik.dk\/en\/wp-json\/wp\/v2\/product\/89989","targetHints":{"allow":["GET"]}}],"collection":[{"href":"https:\/\/lundteknik.dk\/en\/wp-json\/wp\/v2\/product"}],"about":[{"href":"https:\/\/lundteknik.dk\/en\/wp-json\/wp\/v2\/types\/product"}],"replies":[{"embeddable":true,"href":"https:\/\/lundteknik.dk\/en\/wp-json\/wp\/v2\/comments?post=89989"}],"wp:featuredmedia":[{"embeddable":true,"href":"https:\/\/lundteknik.dk\/en\/wp-json\/wp\/v2\/media\/93424"}],"wp:attachment":[{"href":"https:\/\/lundteknik.dk\/en\/wp-json\/wp\/v2\/media?parent=89989"}],"wp:term":[{"taxonomy":"pwb-brand","embeddable":true,"href":"https:\/\/lundteknik.dk\/en\/wp-json\/wp\/v2\/pwb-brand?post=89989"},{"taxonomy":"product_brand","embeddable":true,"href":"https:\/\/lundteknik.dk\/en\/wp-json\/wp\/v2\/product_brand?post=89989"},{"taxonomy":"product_cat","embeddable":true,"href":"https:\/\/lundteknik.dk\/en\/wp-json\/wp\/v2\/product_cat?post=89989"},{"taxonomy":"product_tag","embeddable":true,"href":"https:\/\/lundteknik.dk\/en\/wp-json\/wp\/v2\/product_tag?post=89989"}],"curies":[{"name":"wp","href":"https:\/\/api.w.org\/{rel}","templated":true}]}}