{"id":90030,"date":"2023-08-14T08:49:39","date_gmt":"2023-08-14T08:49:39","guid":{"rendered":"https:\/\/lundteknik.dk\/?post_type=product&#038;p=90030"},"modified":"2025-06-04T16:49:59","modified_gmt":"2025-06-04T16:49:59","slug":"nimbus-islay-sgt-pebber","status":"publish","type":"product","link":"https:\/\/lundteknik.dk\/en\/produkt\/nimbus-islay-sgt-pebber\/","title":{"rendered":"Nimbus Islay, Sgt Pebber"},"content":{"rendered":"<h2 data-pm-slice=\"1 3 []\">Nimbus Islay, Sgt Pebber<\/h2>\n<p>A smoky Scottish inspired ale with peat smoke, dark malt and a hint of spice. Brewed for those who love Islay whisky and want the smoke in their glass.<\/p>\n<p><strong>Features:<\/strong><\/p>\n<ul data-spread=\"false\">\n<li>Beer style: Smoked Ale (Islay-inspired)<\/li>\n<li>Difficulty level: Advanced<\/li>\n<li>Brewing volume: approx. 25 litres<\/li>\n<li>Flavour profile: Smoke, dark malt, slightly spicy<\/li>\n<\/ul>\n<p><strong>Specifications:<\/strong><\/p>\n<ul data-spread=\"false\">\n<li>Alcohol strength: approx. 5.6 %<\/li>\n<li>IBU: 33<\/li>\n<li>Colour: Dark copper<\/li>\n<li>Fermentation time: 10-14 days<\/li>\n<li>Ripening: 3-4 weeks<\/li>\n<\/ul>","protected":false},"excerpt":{"rendered":"<h2 style=\"margin-bottom: 0cm; text-align: center;\"><span style=\"font-family: Arial, sans-serif; font-size: 150%;\"><b>Nimbus Islay<\/b><\/span><\/h2>\n<h3 style=\"margin-bottom: 0cm; text-align: center;\"><span style=\"font-family: Arial, sans-serif; font-size: 150%;\"><i>&#8216;Sgt. Pepper&#8217;<\/i><\/span><\/h3>\n<p style=\"margin-right: -0.21cm; margin-bottom: 0cm; text-align: center;\" align=\"left\"><span style=\"color: #000000;\"><span style=\"font-family: Arial, sans-serif;\"><span style=\"font-size: large;\"><span style=\"font-variant: normal;\"><span style=\"letter-spacing: normal;\"><span style=\"font-style: normal;\"><span style=\"font-weight: normal;\">R\u00f8g\u00f8l med t\u00f8rvesmag som i \u00d8-whisky fra Vestskotland.<br \/>\nEn \u00f8l, der enten elskes eller hades \u2013 der er ingen mellemvej.<\/span><\/span><\/span><\/span><\/span><\/span><\/span><\/p>\n<dl>\n<dd>\n<table cellspacing=\"0\" cellpadding=\"4\">\n<colgroup>\n<col width=\"111\" \/>\n<col width=\"107\" \/>\n<col width=\"56\" \/>\n<col width=\"82\" \/>\n<col width=\"98\" \/> <\/colgroup>\n<tbody>\n<tr valign=\"top\">\n<td style=\"border-top: 1px solid #000000; border-bottom: 1px solid #000000; border-left: 1px solid #000000; border-right: none; padding: 0.1cm 0cm 0.1cm 0.1cm;\" width=\"111\">\n<p style=\"text-align: center;\"><span style=\"font-family: Arial, sans-serif;\">Startv\u00e6gtfylde [OG]<\/span><\/p>\n<\/td>\n<td style=\"border-top: 1px solid #000000; border-bottom: 1px solid #000000; border-left: 1px solid #000000; border-right: none; padding: 0.1cm 0cm 0.1cm 0.1cm;\" width=\"107\">\n<p align=\"center\"><span style=\"font-family: Arial, sans-serif;\">Slutv\u00e6gtfylde<\/span><\/p>\n<p align=\"center\"><span style=\"font-family: Arial, sans-serif;\">[FG]<\/span><\/p>\n<\/td>\n<td style=\"border-top: 1px solid #000000; border-bottom: 1px solid #000000; border-left: 1px solid #000000; border-right: none; padding: 0.1cm 0cm 0.1cm 0.1cm;\" width=\"56\">\n<p align=\"center\"><span style=\"font-family: Arial, sans-serif;\">Farve<\/span><\/p>\n<p align=\"center\"><span style=\"font-family: Arial, sans-serif;\">[EBC]<\/span><\/p>\n<\/td>\n<td style=\"border-top: 1px solid #000000; border-bottom: 1px solid #000000; border-left: 1px solid #000000; border-right: none; padding: 0.1cm 0cm 0.1cm 0.1cm;\" width=\"82\">\n<p align=\"center\"><span style=\"font-family: Arial, sans-serif;\">Bitterhed<\/span><\/p>\n<p align=\"center\"><span style=\"font-family: Arial, sans-serif;\">[IBU]<\/span><\/p>\n<\/td>\n<td style=\"border: 1px solid #000000; padding: 0.1cm;\" width=\"98\">\n<p align=\"center\"><span style=\"font-family: Arial, sans-serif;\">Alkohol<\/span><\/p>\n<p align=\"center\"><span style=\"font-family: Arial, sans-serif;\">ABV [%]<\/span><\/p>\n<\/td>\n<\/tr>\n<tr valign=\"top\">\n<td style=\"border-top: none; border-bottom: 1px solid #000000; border-left: 1px solid #000000; border-right: none; padding: 0cm 0cm 0.1cm 0.1cm;\" width=\"111\">\n<p align=\"center\"><span style=\"font-family: Arial, sans-serif;\">1060<\/span><\/p>\n<\/td>\n<td style=\"border-top: none; border-bottom: 1px solid #000000; border-left: 1px solid #000000; border-right: none; padding: 0cm 0cm 0.1cm 0.1cm;\" width=\"107\">\n<p align=\"center\"><span style=\"font-family: Arial, sans-serif;\">1017<\/span><\/p>\n<\/td>\n<td style=\"border-top: none; border-bottom: 1px solid #000000; border-left: 1px solid #000000; border-right: none; padding: 0cm 0cm 0.1cm 0.1cm;\" width=\"56\">\n<p align=\"center\"><span style=\"font-family: Arial, sans-serif;\">10<\/span><\/p>\n<\/td>\n<td style=\"border-top: none; border-bottom: 1px solid #000000; border-left: 1px solid #000000; border-right: none; padding: 0cm 0cm 0.1cm 0.1cm;\" width=\"82\">\n<p align=\"center\"><span style=\"font-family: Arial, sans-serif;\">33<\/span><\/p>\n<\/td>\n<td style=\"border-top: none; border-bottom: 1px solid #000000; border-left: 1px solid #000000; border-right: 1px solid #000000; padding: 0cm 0.1cm 0.1cm 0.1cm;\" width=\"98\">\n<p align=\"center\"><span style=\"font-family: Arial, sans-serif;\">5,6<\/span><\/p>\n<\/td>\n<\/tr>\n<\/tbody>\n<\/table>\n<\/dd>\n<\/dl>\n<p style=\"margin-bottom: 0cm; font-variant: normal; letter-spacing: normal; font-style: normal; font-weight: normal;\" align=\"left\"><span style=\"color: #000000;\"><span style=\"font-family: Arial, sans-serif;\"><span style=\"font-size: large;\">Link til <\/span><\/span><\/span><span style=\"font-family: Arial, sans-serif;\"><span style=\"font-size: large;\"><a href=\"http:\/\/lundteknik.dk\/vejled\/SgtPebber.pdf\"><span style=\"color: #ff0000;\">vejledning <\/span><\/a><\/span><\/span><\/p>\n<p align=\"left\">\n","protected":false},"featured_media":98686,"comment_status":"open","ping_status":"closed","template":"","meta":{"_acf_changed":false},"pwb-brand":[424],"product_brand":[841],"product_cat":[190],"product_tag":[],"class_list":{"0":"post-90030","1":"product","2":"type-product","3":"status-publish","4":"has-post-thumbnail","6":"pwb-brand-lund-teknik","7":"product_brand-lund-teknik","8":"product_cat-all-grain-kits","10":"first","11":"instock","12":"taxable","13":"shipping-taxable","14":"purchasable","15":"product-type-simple"},"acf":[],"brands":[{"id":424,"name":"Lund Technology","slug":"lund-technology"}],"_links":{"self":[{"href":"https:\/\/lundteknik.dk\/en\/wp-json\/wp\/v2\/product\/90030","targetHints":{"allow":["GET"]}}],"collection":[{"href":"https:\/\/lundteknik.dk\/en\/wp-json\/wp\/v2\/product"}],"about":[{"href":"https:\/\/lundteknik.dk\/en\/wp-json\/wp\/v2\/types\/product"}],"replies":[{"embeddable":true,"href":"https:\/\/lundteknik.dk\/en\/wp-json\/wp\/v2\/comments?post=90030"}],"wp:featuredmedia":[{"embeddable":true,"href":"https:\/\/lundteknik.dk\/en\/wp-json\/wp\/v2\/media\/98686"}],"wp:attachment":[{"href":"https:\/\/lundteknik.dk\/en\/wp-json\/wp\/v2\/media?parent=90030"}],"wp:term":[{"taxonomy":"pwb-brand","embeddable":true,"href":"https:\/\/lundteknik.dk\/en\/wp-json\/wp\/v2\/pwb-brand?post=90030"},{"taxonomy":"product_brand","embeddable":true,"href":"https:\/\/lundteknik.dk\/en\/wp-json\/wp\/v2\/product_brand?post=90030"},{"taxonomy":"product_cat","embeddable":true,"href":"https:\/\/lundteknik.dk\/en\/wp-json\/wp\/v2\/product_cat?post=90030"},{"taxonomy":"product_tag","embeddable":true,"href":"https:\/\/lundteknik.dk\/en\/wp-json\/wp\/v2\/product_tag?post=90030"}],"curies":[{"name":"wp","href":"https:\/\/api.w.org\/{rel}","templated":true}]}}