{"id":91632,"date":"2023-09-28T10:34:50","date_gmt":"2023-09-28T10:34:50","guid":{"rendered":"https:\/\/lundteknik.dk\/?post_type=product&#038;p=91632"},"modified":"2025-05-30T11:45:00","modified_gmt":"2025-05-30T11:45:00","slug":"fulgsang-nut-ebc-100","status":"publish","type":"product","link":"https:\/\/lundteknik.dk\/en\/produkt\/fulgsang-nut-ebc-100\/","title":{"rendered":"Fulgsang Slot, EBC: 100"},"content":{"rendered":"<h3>Fuglsang Slot EBC100<\/h3>\n<p>Farve: 90-110<br \/>\nVandindhold: max. 4,2 %<br \/>\nEkstrakt: 79,5 &#8211; 82,5<br \/>\nTyper af \u00f8l: De fleste typer, Schwarzbier, m\u00f8rk \u00f8l.<\/p>\n<p>Malten er lavet p\u00e5 k\u00f8lle og ikke ristet.<\/p>\n<p>Har en lidt &#8220;n\u00f8ddet&#8221; smag og lidt a kiks.<\/p>\n<p>Fuglsang EBC100 malt kan bruges som additiv til b\u00e5de at tilf\u00f8re en m\u00f8rkere farve og fyldigere smag.<\/p>\n<p>Et sp\u00e6ndende alternativ til Buscuit malt.<\/p>","protected":false},"excerpt":{"rendered":"<p>&nbsp;<\/p>\n<p>Fuglsang Slot EBC100<br \/>\nFarve: 90-110<br \/>\nVandindhold: max. 4,2 %<br \/>\nEkstrakt: 79,5 &#8211; 82,5<\/p>\n<p>Typer af \u00f8l: De fleste typer, Schwarzbier, m\u00f8rk \u00f8l.<\/p>","protected":false},"featured_media":59765,"comment_status":"open","ping_status":"closed","template":"","meta":{"_acf_changed":false},"pwb-brand":[829],"product_brand":[851],"product_cat":[216,308,217,219,234,445],"product_tag":[273],"class_list":{"0":"post-91632","1":"product","2":"type-product","3":"status-publish","4":"has-post-thumbnail","6":"pwb-brand-fuglsang-malt","7":"product_brand-fuglsang-malt","8":"product_cat-malt-byg-basis","9":"product_cat-loes-vaegt","10":"product_cat-malt-byg-cara-og-crystal","11":"product_cat-malt-byg-special","12":"product_cat-malt","13":"product_cat-nye-produkter","14":"product_tag-afvejning","16":"first","17":"instock","18":"taxable","19":"shipping-taxable","20":"purchasable","21":"product-type-simple"},"acf":[],"brands":[{"id":829,"name":"Fuglsang malt","slug":"fuglsang-malt"}],"_links":{"self":[{"href":"https:\/\/lundteknik.dk\/en\/wp-json\/wp\/v2\/product\/91632","targetHints":{"allow":["GET"]}}],"collection":[{"href":"https:\/\/lundteknik.dk\/en\/wp-json\/wp\/v2\/product"}],"about":[{"href":"https:\/\/lundteknik.dk\/en\/wp-json\/wp\/v2\/types\/product"}],"replies":[{"embeddable":true,"href":"https:\/\/lundteknik.dk\/en\/wp-json\/wp\/v2\/comments?post=91632"}],"wp:featuredmedia":[{"embeddable":true,"href":"https:\/\/lundteknik.dk\/en\/wp-json\/wp\/v2\/media\/59765"}],"wp:attachment":[{"href":"https:\/\/lundteknik.dk\/en\/wp-json\/wp\/v2\/media?parent=91632"}],"wp:term":[{"taxonomy":"pwb-brand","embeddable":true,"href":"https:\/\/lundteknik.dk\/en\/wp-json\/wp\/v2\/pwb-brand?post=91632"},{"taxonomy":"product_brand","embeddable":true,"href":"https:\/\/lundteknik.dk\/en\/wp-json\/wp\/v2\/product_brand?post=91632"},{"taxonomy":"product_cat","embeddable":true,"href":"https:\/\/lundteknik.dk\/en\/wp-json\/wp\/v2\/product_cat?post=91632"},{"taxonomy":"product_tag","embeddable":true,"href":"https:\/\/lundteknik.dk\/en\/wp-json\/wp\/v2\/product_tag?post=91632"}],"curies":[{"name":"wp","href":"https:\/\/api.w.org\/{rel}","templated":true}]}}