{"id":94223,"date":"2023-11-21T20:15:03","date_gmt":"2023-11-21T20:15:03","guid":{"rendered":"https:\/\/lundteknik.dk\/?post_type=product&#038;p=94223"},"modified":"2025-12-17T10:45:49","modified_gmt":"2025-12-17T10:45:49","slug":"quooker-ekstern-co2-saet","status":"publish","type":"product","link":"https:\/\/lundteknik.dk\/en\/produkt\/quooker-ekstern-co2-saet\/","title":{"rendered":"Quooker ekstern CO2 s\u00e6t, h\u00e5rd slange"},"content":{"rendered":"<p>S\u00e6ttet indeholder:<\/p>\n<p>Regulator der passer p\u00e5 alm. 2- og 6 kg&#8217;s CO2 flasker.<\/p>\n<p>1 m slange<\/p>\n<p>Slagesamler<\/p>\n<p>2 kg&#8217;s CO2 flaske, genfyldbar<\/p>\n<p>28 mm ringn\u00f8gle<\/p>\n<p>&nbsp;<\/p>\n<p>Assembly:<\/p>\n<p>P\u00e5 din Quooker klippes slangen ca. 5 cm fra hvor den g\u00e5r ind i den interne regulator (den flasken sidder p\u00e5). Det vil v\u00e6re en rigtig god ide at skrue den originale 425 grams flaske af <strong>by<\/strong> du klipper slangen&#8230; Gem den som backup, evt,<a href=\"https:\/\/lundteknik.dk\/en\/collections\/co2\/quooker\/\"> get it refilled<\/a> hvis den er tom.<\/p>\n<p>Snittet skal v\u00e6re s\u00e5 lige som mulig og foretages med en slangeklipper eller skarp kniv.<\/p>\n<p>Samlestykket s\u00e6ttes p\u00e5 et stykke slange der IKKE g\u00e5r til den originale regulator.<\/p>\n<p>Den medf\u00f8lgende slange s\u00e6ttes mellem samlestykket og den eksterne regulator.<\/p>\n<p>CO2 flasken monteres med ringn\u00f8glen p\u00e5 regulatoren.<\/p>\n<p>Trykket justeres til ca. 3 bar.<\/p>\n<p>&nbsp;<\/p>\n<p>Hvis du p\u00e5 et tidpunkt l\u00f8ber t\u00f8r for CO2, kan du bruge slangesamleren til forbinde den originale regulator igen. Den gamle 425 grams flaske monteres og den tomme 2 kg&#8217;s flaske <a href=\"https:\/\/lundteknik.dk\/en\/collections\/co2\/genopfyldning-ombytning-af-co2-flasker\/\">refilled or exchanged<\/a>.<\/p>\n<p>&nbsp;<\/p>\n<p>&nbsp;<\/p>","protected":false},"excerpt":{"rendered":"<p>S\u00e6t for tilslutning af ekstern medf\u00f8lgende 2 kg CO2 flaske til din Quooker<\/p>\n<p>Med h\u00e5rd slange.<\/p>","protected":false},"featured_media":94710,"comment_status":"open","ping_status":"closed","template":"","meta":{"_acf_changed":false},"pwb-brand":[424],"product_brand":[841],"product_cat":[445,595],"product_tag":[],"class_list":{"0":"post-94223","1":"product","2":"type-product","3":"status-publish","4":"has-post-thumbnail","6":"pwb-brand-lund-teknik","7":"product_brand-lund-teknik","8":"product_cat-nye-produkter","9":"product_cat-quooker","11":"first","12":"instock","13":"taxable","14":"shipping-taxable","15":"purchasable","16":"product-type-simple"},"acf":[],"brands":[{"id":424,"name":"Lund Technology","slug":"lund-technology"}],"_links":{"self":[{"href":"https:\/\/lundteknik.dk\/en\/wp-json\/wp\/v2\/product\/94223","targetHints":{"allow":["GET"]}}],"collection":[{"href":"https:\/\/lundteknik.dk\/en\/wp-json\/wp\/v2\/product"}],"about":[{"href":"https:\/\/lundteknik.dk\/en\/wp-json\/wp\/v2\/types\/product"}],"replies":[{"embeddable":true,"href":"https:\/\/lundteknik.dk\/en\/wp-json\/wp\/v2\/comments?post=94223"}],"wp:featuredmedia":[{"embeddable":true,"href":"https:\/\/lundteknik.dk\/en\/wp-json\/wp\/v2\/media\/94710"}],"wp:attachment":[{"href":"https:\/\/lundteknik.dk\/en\/wp-json\/wp\/v2\/media?parent=94223"}],"wp:term":[{"taxonomy":"pwb-brand","embeddable":true,"href":"https:\/\/lundteknik.dk\/en\/wp-json\/wp\/v2\/pwb-brand?post=94223"},{"taxonomy":"product_brand","embeddable":true,"href":"https:\/\/lundteknik.dk\/en\/wp-json\/wp\/v2\/product_brand?post=94223"},{"taxonomy":"product_cat","embeddable":true,"href":"https:\/\/lundteknik.dk\/en\/wp-json\/wp\/v2\/product_cat?post=94223"},{"taxonomy":"product_tag","embeddable":true,"href":"https:\/\/lundteknik.dk\/en\/wp-json\/wp\/v2\/product_tag?post=94223"}],"curies":[{"name":"wp","href":"https:\/\/api.w.org\/{rel}","templated":true}]}}