{"id":94721,"date":"2023-12-07T08:33:05","date_gmt":"2023-12-07T08:33:05","guid":{"rendered":"https:\/\/lundteknik.dk\/?post_type=product&#038;p=94721"},"modified":"2025-12-17T10:45:38","modified_gmt":"2025-12-17T10:45:38","slug":"quooker-regulator-2","status":"publish","type":"product","link":"https:\/\/lundteknik.dk\/en\/produkt\/quooker-regulator-2\/","title":{"rendered":"Quooker  regulator med h\u00e5rd slange"},"content":{"rendered":"<p>S\u00e6ttet indeholder:<\/p>\n<p>Regulator der passer p\u00e5 alm. 2- og 6 kg&#8217;s CO2 flasker.<\/p>\n<p>1 m 1\/4&#8243; h\u00e5rd slange<\/p>\n<p>Slagesamler<\/p>\n<p>&nbsp;<\/p>\n<p>Assembly:<\/p>\n<p>P\u00e5 din Quooker klippes slangen ca. 5 cm fra hvor den g\u00e5r ind i den interne regulator (den flasken sidder p\u00e5). Det vil v\u00e6re en rigtig god ide at skrue den originale 425 grams flaske af <strong>by<\/strong> You cut the hose... Save it as a backup, if necessary,<a href=\"https:\/\/lundteknik.dk\/en\/collections\/co2\/quooker\/\"> get it refilled<\/a> hvis den er tom<\/p>\n<p>Snittet skal v\u00e6re s\u00e5 lige som mulig og foretages med en slangeklipper eller skarp kniv.<\/p>\n<p>Samlestykket s\u00e6ttes p\u00e5 et stykke slange der IKKE g\u00e5r til den indvendige regulator .<\/p>\n<p>Den medf\u00f8lgende slange s\u00e6ttes mellem samlestykket og den eksterne regulator.<\/p>\n<p>En CO2 flaske monteres p\u00e5 regulatoret.<\/p>\n<p>Trykket justeres til ca. 3 bar.<\/p>\n<p>&nbsp;<\/p>\n<p>&#8230;mere:<\/p>\n<p>En 28 mm ringn\u00f8gle kan v\u00e6re praktisk ved montering.<\/p>\n<p>Vi har overgangesstykker til 300 gram CO2 flasker (de helt gamle af st\u00e5l til SodaStream) og til 425 gram (de nyere aluminiums flasker til SodaStream med trapetz gevind)<\/p>\n<p>2- og 6 kg CO2 flasker kan k\u00f8bes<\/p>\n<p>S\u00e6ttet findes ogs\u00e5 <a href=\"https:\/\/lundteknik.dk\/en\/product-3\/quooker-ekstern-co2-saet\/\">Complete with 2kg bottle<\/a><\/p>","protected":false},"excerpt":{"rendered":"<p>Kit for connecting an external CO2 bottle to your Quooker.<\/p>","protected":false},"featured_media":94708,"comment_status":"open","ping_status":"closed","template":"","meta":{"_acf_changed":false},"pwb-brand":[424],"product_brand":[841],"product_cat":[445,595,369],"product_tag":[],"class_list":{"0":"post-94721","1":"product","2":"type-product","3":"status-publish","4":"has-post-thumbnail","6":"pwb-brand-lund-teknik","7":"product_brand-lund-teknik","8":"product_cat-nye-produkter","9":"product_cat-quooker","10":"product_cat-regulatorer","12":"first","13":"instock","14":"taxable","15":"shipping-taxable","16":"purchasable","17":"product-type-simple"},"acf":[],"brands":[{"id":424,"name":"Lund Technology","slug":"lund-technology"}],"_links":{"self":[{"href":"https:\/\/lundteknik.dk\/en\/wp-json\/wp\/v2\/product\/94721","targetHints":{"allow":["GET"]}}],"collection":[{"href":"https:\/\/lundteknik.dk\/en\/wp-json\/wp\/v2\/product"}],"about":[{"href":"https:\/\/lundteknik.dk\/en\/wp-json\/wp\/v2\/types\/product"}],"replies":[{"embeddable":true,"href":"https:\/\/lundteknik.dk\/en\/wp-json\/wp\/v2\/comments?post=94721"}],"wp:featuredmedia":[{"embeddable":true,"href":"https:\/\/lundteknik.dk\/en\/wp-json\/wp\/v2\/media\/94708"}],"wp:attachment":[{"href":"https:\/\/lundteknik.dk\/en\/wp-json\/wp\/v2\/media?parent=94721"}],"wp:term":[{"taxonomy":"pwb-brand","embeddable":true,"href":"https:\/\/lundteknik.dk\/en\/wp-json\/wp\/v2\/pwb-brand?post=94721"},{"taxonomy":"product_brand","embeddable":true,"href":"https:\/\/lundteknik.dk\/en\/wp-json\/wp\/v2\/product_brand?post=94721"},{"taxonomy":"product_cat","embeddable":true,"href":"https:\/\/lundteknik.dk\/en\/wp-json\/wp\/v2\/product_cat?post=94721"},{"taxonomy":"product_tag","embeddable":true,"href":"https:\/\/lundteknik.dk\/en\/wp-json\/wp\/v2\/product_tag?post=94721"}],"curies":[{"name":"wp","href":"https:\/\/api.w.org\/{rel}","templated":true}]}}