{"id":95291,"date":"2024-01-03T09:12:00","date_gmt":"2024-01-03T09:12:00","guid":{"rendered":"https:\/\/lundteknik.dk\/?post_type=product&#038;p=95291"},"modified":"2025-05-30T11:40:33","modified_gmt":"2025-05-30T11:40:33","slug":"happy-yeast-kveik-voss-11-gram","status":"publish","type":"product","link":"https:\/\/lundteknik.dk\/en\/produkt\/happy-yeast-kveik-voss-11-gram\/","title":{"rendered":"Happy Yeast, Kveik Voss, 11 grams"},"content":{"rendered":"<h2>Happy Yeast Kveik Voss<\/h2>\n<div>\n<div>Active dry yeast for top-fermenting beer brewing.<\/div>\n<div>&#8216;Kveik&#8217; er en norsk dialektbetegnelse for g\u00e6r og er afledt af det gamle nordiske &#8216;kvikk&#8217;, der betyder kraftig og hurtig, og konteksten er sund og livlig. Kveik g\u00e6r er hurtigt g\u00e6rende (48-72 timer) og h\u00f8jtemperaturtolerant.<\/div>\n<div><\/div>\n<div>BEER STYLE<\/div>\n<div>For typical Norwegian Farmhouse ales plus a wide range of classic and modern ale styles, including American West and East Coast IPA and NEIPA, pale ale, wheat and lager.<\/div>\n<div><\/div>\n<div>AROMA AND FLAVOUR CHARACTERISTICS<\/div>\n<div>Provides a fruity flavour profile of soft orange peel and citrus.<\/div>\n<div><\/div>\n<div>BREWING PROPERTIES<\/div>\n<div>Yeast strain: Saccharomyces cerevisiae<\/div>\n<div>ORIGIN OF THE YEAST STRAIN: Norway, Voss<\/div>\n<div>VISIBLE COVERAGE: 75-80% Medium<\/div>\n<div>FERMENTATION TEMPERATURE: 34-40\u00b0C<\/div>\n<div>FLOCULATION: High<\/div>\n<div>ALCOHOL TOLERANCE 16% ABV<\/div>\n<div>TOTALESTERE: Medium - High<\/div>\n<div>H2S (SOVOLVNOTES): Low<\/div>\n<div>POF (PHENOLIC NOTES): Negative<\/div>\n<div>STA-1: Negative<\/div>\n<div><\/div>\n<div>PITCH SPEED \/ DOSAGE<\/div>\n<div>Pour directly into the wort in the fermentation vessel at a pitching speed of:<\/div>\n<div>50 &#8211; 80 g\/hl k\u00f8lig urt ved 34-40\u00b0C<\/div>\n<div><\/div>\n<div>The pitch rate depends on the conditions of the brewing process and will affect the fermentation performance and the final flavour profile of the beer.<\/div>\n<div>High density or high acidity may require higher pitching volumes and the addition of yeast nutrients.<\/div>\n<div><\/div>\n<div>Rehydration:<\/div>\n<div>Dissolve the yeast in sterile water (boiled and cooled) at 18-25\u00b0C in a 1:10 ratio and let it rest for 20 minutes. Then mix well to achieve the complete suspension of the yeast. Pour the yeast directly into the yeast tank.<\/div>\n<div>To avoid yeast stress, ensure that temperature fluctuations are minimised.<\/div>\n<\/div>","protected":false},"excerpt":{"rendered":"<p>&nbsp;<\/p>\n<div><\/div>\n<div>Dry active top-fermenting aromatic Kveik strain for the production of a wide range of beer styles.<\/div>\n<p>.<\/p>","protected":false},"featured_media":84068,"comment_status":"open","ping_status":"closed","template":"","meta":{"_acf_changed":false},"pwb-brand":[424],"product_brand":[841],"product_cat":[478,445],"product_tag":[],"class_list":{"0":"post-95291","1":"product","2":"type-product","3":"status-publish","4":"has-post-thumbnail","6":"pwb-brand-lund-teknik","7":"product_brand-lund-teknik","8":"product_cat-happyyeast","9":"product_cat-nye-produkter","11":"first","12":"instock","13":"taxable","14":"shipping-taxable","15":"purchasable","16":"product-type-simple"},"acf":[],"brands":[{"id":424,"name":"Lund Technology","slug":"lund-technology"}],"_links":{"self":[{"href":"https:\/\/lundteknik.dk\/en\/wp-json\/wp\/v2\/product\/95291","targetHints":{"allow":["GET"]}}],"collection":[{"href":"https:\/\/lundteknik.dk\/en\/wp-json\/wp\/v2\/product"}],"about":[{"href":"https:\/\/lundteknik.dk\/en\/wp-json\/wp\/v2\/types\/product"}],"replies":[{"embeddable":true,"href":"https:\/\/lundteknik.dk\/en\/wp-json\/wp\/v2\/comments?post=95291"}],"wp:featuredmedia":[{"embeddable":true,"href":"https:\/\/lundteknik.dk\/en\/wp-json\/wp\/v2\/media\/84068"}],"wp:attachment":[{"href":"https:\/\/lundteknik.dk\/en\/wp-json\/wp\/v2\/media?parent=95291"}],"wp:term":[{"taxonomy":"pwb-brand","embeddable":true,"href":"https:\/\/lundteknik.dk\/en\/wp-json\/wp\/v2\/pwb-brand?post=95291"},{"taxonomy":"product_brand","embeddable":true,"href":"https:\/\/lundteknik.dk\/en\/wp-json\/wp\/v2\/product_brand?post=95291"},{"taxonomy":"product_cat","embeddable":true,"href":"https:\/\/lundteknik.dk\/en\/wp-json\/wp\/v2\/product_cat?post=95291"},{"taxonomy":"product_tag","embeddable":true,"href":"https:\/\/lundteknik.dk\/en\/wp-json\/wp\/v2\/product_tag?post=95291"}],"curies":[{"name":"wp","href":"https:\/\/api.w.org\/{rel}","templated":true}]}}